{"id":1429,"date":"2026-04-21T17:48:52","date_gmt":"2026-04-21T15:48:52","guid":{"rendered":"https:\/\/events.plastonline.org\/?page_id=1429"},"modified":"2026-05-07T12:38:57","modified_gmt":"2026-05-07T10:38:57","slug":"stati-generali","status":"publish","type":"page","link":"https:\/\/events.plastonline.org\/it\/stati-generali\/","title":{"rendered":"Plastics Summit"},"content":{"rendered":"\t\t<div data-elementor-type=\"wp-page\" data-elementor-id=\"1429\" class=\"elementor elementor-1429 elementor-1407\" data-elementor-post-type=\"page\">\n\t\t\t\t<div class=\"elementor-element elementor-element-4059b69b e-con-full elementor-hidden-mobile primariga e-flex e-con e-parent\" data-id=\"4059b69b\" data-element_type=\"container\">\n\t\t\t\t<div class=\"elementor-element elementor-element-5c040174 elementor-widget elementor-widget-image\" data-id=\"5c040174\" data-element_type=\"widget\" data-widget_type=\"image.default\">\n\t\t\t\t\t\t\t\t\t\t\t\t\t\t\t<img decoding=\"async\" src=\"https:\/\/events.plastonline.org\/wp-content\/uploads\/elementor\/thumbs\/LOGO-CONVEGNI-rmfcxssvwvi7744dnzhy7n9848mde6w2dipnnxkhp4.jpg\" title=\"LOGO CONVEGNI\" alt=\"LOGO CONVEGNI\" loading=\"lazy\" \/>\t\t\t\t\t\t\t\t\t\t\t\t\t\t\t<\/div>\n\t\t\t\t<\/div>\n\t\t<div class=\"elementor-element elementor-element-403203b4 e-con-full elementor-hidden-desktop elementor-hidden-tablet e-flex e-con e-parent\" data-id=\"403203b4\" data-element_type=\"container\">\n\t\t\t\t<div class=\"elementor-element elementor-element-1859cd68 elementor-widget elementor-widget-image\" data-id=\"1859cd68\" data-element_type=\"widget\" data-widget_type=\"image.default\">\n\t\t\t\t\t\t\t\t\t\t\t\t\t\t\t<img decoding=\"async\" src=\"https:\/\/events.plastonline.org\/wp-content\/uploads\/elementor\/thumbs\/LOGO-CONVEGNI-rmfcxssvwvi7744dnzhy7n9848mde6w2dipnnxkhp4.jpg\" title=\"LOGO CONVEGNI\" alt=\"LOGO CONVEGNI\" loading=\"lazy\" \/>\t\t\t\t\t\t\t\t\t\t\t\t\t\t\t<\/div>\n\t\t\t\t<\/div>\n\t\t<div class=\"elementor-element elementor-element-27b1b739 e-flex e-con-boxed e-con e-parent\" data-id=\"27b1b739\" data-element_type=\"container\">\n\t\t\t\t\t<div class=\"e-con-inner\">\n\t\t<div class=\"elementor-element elementor-element-124c28aa e-con-full e-flex e-con e-child\" data-id=\"124c28aa\" data-element_type=\"container\">\n\t\t\t\t<div class=\"elementor-element elementor-element-47970b97 elementor-widget elementor-widget-menu-anchor\" data-id=\"47970b97\" data-element_type=\"widget\" data-widget_type=\"menu-anchor.default\">\n\t\t\t\t\t\t\t<div class=\"elementor-menu-anchor\" id=\"info\"><\/div>\n\t\t\t\t\t\t<\/div>\n\t\t\t\t<div class=\"elementor-element elementor-element-20ff3de3 elementor-align-center elementor-widget elementor-widget-button\" data-id=\"20ff3de3\" data-element_type=\"widget\" data-widget_type=\"button.default\">\n\t\t\t\t\t\t\t\t\t\t<a class=\"elementor-button elementor-button-link elementor-size-sm\" href=\"#info\">\n\t\t\t\t\t\t<span class=\"elementor-button-content-wrapper\">\n\t\t\t\t\t\t<span class=\"elementor-button-icon\">\n\t\t\t\t<svg aria-hidden=\"true\" class=\"e-font-icon-svg e-fas-arrow-alt-circle-down\" viewBox=\"0 0 512 512\" xmlns=\"http:\/\/www.w3.org\/2000\/svg\"><path d=\"M504 256c0 137-111 248-248 248S8 393 8 256 119 8 256 8s248 111 248 248zM212 140v116h-70.9c-10.7 0-16.1 13-8.5 20.5l114.9 114.3c4.7 4.7 12.2 4.7 16.9 0l114.9-114.3c7.6-7.6 2.2-20.5-8.5-20.5H300V140c0-6.6-5.4-12-12-12h-64c-6.6 0-12 5.4-12 12z\"><\/path><\/svg>\t\t\t<\/span>\n\t\t\t\t\t\t\t\t\t<span class=\"elementor-button-text\">Conferma la tua partecipazione <span class=\"customfont\">entro il 29 maggio 2026<\/span><\/span>\n\t\t\t\t\t<\/span>\n\t\t\t\t\t<\/a>\n\t\t\t\t\t\t\t\t<\/div>\n\t\t\t\t<\/div>\n\t\t\t\t\t<\/div>\n\t\t\t\t<\/div>\n\t\t<div class=\"elementor-element elementor-element-62d7e475 e-con-full e-flex e-con e-parent\" data-id=\"62d7e475\" data-element_type=\"container\">\n\t\t<div class=\"elementor-element elementor-element-4e354988 e-flex e-con-boxed e-con e-child\" data-id=\"4e354988\" data-element_type=\"container\">\n\t\t\t\t\t<div class=\"e-con-inner\">\n\t\t<div class=\"elementor-element elementor-element-722b20b6 e-con-full e-flex e-con e-child\" data-id=\"722b20b6\" data-element_type=\"container\">\n\t\t\t\t<div class=\"elementor-element elementor-element-4debb532 elementor-widget elementor-widget-text-editor\" data-id=\"4debb532\" data-element_type=\"widget\" data-widget_type=\"text-editor.default\">\n\t\t\t\t\t\t\t\t\t<h2>Stati Generali della Plastica \u2013 confronto fra istituzioni e industria sui temi della competitivit\u00e0 e circolarit\u00e0<\/h2><h5>Mercoled\u00ec 10 giugno 2026, 10:00-12:00<\/h5>\t\t\t\t\t\t\t\t<\/div>\n\t\t\t\t<\/div>\n\t\t<div class=\"elementor-element elementor-element-1df729e2 e-con-full e-flex e-con e-child\" data-id=\"1df729e2\" data-element_type=\"container\" data-settings=\"{&quot;background_background&quot;:&quot;classic&quot;}\">\n\t\t\t\t<div class=\"elementor-element elementor-element-7872cf18 elementor-button-align-center elementor-widget elementor-widget-form\" data-id=\"7872cf18\" data-element_type=\"widget\" data-settings=\"{&quot;step_next_label&quot;:&quot;Avanti&quot;,&quot;step_previous_label&quot;:&quot;Precedente&quot;,&quot;step_type&quot;:&quot;none&quot;,&quot;step_icon_shape&quot;:&quot;none&quot;,&quot;button_width&quot;:&quot;100&quot;}\" data-widget_type=\"form.default\">\n\t\t\t\t\t\t\t<form class=\"elementor-form\" method=\"post\" name=\"Convegno: Stati generali della plastica\" aria-label=\"Convegno: Stati generali della plastica\" novalidate=\"\">\n\t\t\t<input type=\"hidden\" name=\"post_id\" value=\"1429\"\/>\n\t\t\t<input type=\"hidden\" name=\"form_id\" value=\"7872cf18\"\/>\n\t\t\t<input type=\"hidden\" name=\"referer_title\" value=\"Plastics Summit\" \/>\n\n\t\t\t\t\t\t\t<input type=\"hidden\" name=\"queried_id\" value=\"1429\"\/>\n\t\t\t\n\t\t\t<div class=\"elementor-form-fields-wrapper elementor-labels-\">\n\t\t\t\t\t\t\t\t<div class=\"elementor-field-type-text elementor-field-group elementor-column elementor-field-group-field_6c606a4 elementor-col-40 elementor-field-required\">\n\t\t\t\t\t\t\t\t\t\t\t\t<label for=\"form-field-field_6c606a4\" class=\"elementor-field-label elementor-screen-only\">\n\t\t\t\t\t\t\t\tAzienda *\t\t\t\t\t\t\t<\/label>\n\t\t\t\t\t\t\t\t\t\t\t\t\t\t<input size=\"1\" type=\"text\" name=\"form_fields[field_6c606a4]\" id=\"form-field-field_6c606a4\" class=\"elementor-field elementor-size-sm  elementor-field-textual\" placeholder=\"Azienda *\" required=\"required\">\n\t\t\t\t\t\t\t\t\t\t\t<\/div>\n\t\t\t\t\t\t\t\t<div class=\"elementor-field-type-text elementor-field-group elementor-column elementor-field-group-corporate_role elementor-col-40 elementor-field-required\">\n\t\t\t\t\t\t\t\t\t\t\t\t<label for=\"form-field-corporate_role\" class=\"elementor-field-label elementor-screen-only\">\n\t\t\t\t\t\t\t\tRuolo aziendale *\t\t\t\t\t\t\t<\/label>\n\t\t\t\t\t\t\t\t\t\t\t\t\t\t<input size=\"1\" type=\"text\" name=\"form_fields[corporate_role]\" id=\"form-field-corporate_role\" class=\"elementor-field elementor-size-sm  elementor-field-textual\" placeholder=\"Ruolo aziendale *\" required=\"required\">\n\t\t\t\t\t\t\t\t\t\t\t<\/div>\n\t\t\t\t\t\t\t\t<div class=\"elementor-field-type-text elementor-field-group elementor-column elementor-field-group-name elementor-col-40 elementor-field-required\">\n\t\t\t\t\t\t\t\t\t\t\t\t<label for=\"form-field-name\" class=\"elementor-field-label elementor-screen-only\">\n\t\t\t\t\t\t\t\tNome *\t\t\t\t\t\t\t<\/label>\n\t\t\t\t\t\t\t\t\t\t\t\t\t\t<input size=\"1\" type=\"text\" name=\"form_fields[name]\" id=\"form-field-name\" class=\"elementor-field elementor-size-sm  elementor-field-textual\" placeholder=\"Nome *\" required=\"required\">\n\t\t\t\t\t\t\t\t\t\t\t<\/div>\n\t\t\t\t\t\t\t\t<div class=\"elementor-field-type-text elementor-field-group elementor-column elementor-field-group-last_name elementor-col-40 elementor-field-required\">\n\t\t\t\t\t\t\t\t\t\t\t\t<label for=\"form-field-last_name\" class=\"elementor-field-label elementor-screen-only\">\n\t\t\t\t\t\t\t\tCognome *\t\t\t\t\t\t\t<\/label>\n\t\t\t\t\t\t\t\t\t\t\t\t\t\t<input size=\"1\" type=\"text\" name=\"form_fields[last_name]\" id=\"form-field-last_name\" class=\"elementor-field elementor-size-sm  elementor-field-textual\" placeholder=\"Cognome *\" required=\"required\">\n\t\t\t\t\t\t\t\t\t\t\t<\/div>\n\t\t\t\t\t\t\t\t<div class=\"elementor-field-type-email elementor-field-group elementor-column elementor-field-group-email elementor-col-40 elementor-field-required\">\n\t\t\t\t\t\t\t\t\t\t\t\t<label for=\"form-field-email\" class=\"elementor-field-label elementor-screen-only\">\n\t\t\t\t\t\t\t\tEmail *\t\t\t\t\t\t\t<\/label>\n\t\t\t\t\t\t\t\t\t\t\t\t\t\t<input size=\"1\" type=\"email\" name=\"form_fields[email]\" id=\"form-field-email\" class=\"elementor-field elementor-size-sm  elementor-field-textual\" placeholder=\"Email *\" required=\"required\">\n\t\t\t\t\t\t\t\t\t\t\t<\/div>\n\t\t\t\t\t\t\t\t<div class=\"elementor-field-type-tel elementor-field-group elementor-column elementor-field-group-field_06a9e35 elementor-col-40 elementor-field-required\">\n\t\t\t\t\t\t\t\t\t\t\t\t<label for=\"form-field-field_06a9e35\" class=\"elementor-field-label elementor-screen-only\">\n\t\t\t\t\t\t\t\tTelefono *\t\t\t\t\t\t\t<\/label>\n\t\t\t\t\t\t\t\t<input size=\"1\" type=\"tel\" name=\"form_fields[field_06a9e35]\" id=\"form-field-field_06a9e35\" class=\"elementor-field elementor-size-sm  elementor-field-textual\" placeholder=\"Telefono *\" required=\"required\" pattern=\"[0-9()#&amp;+*-=.]+\" title=\"Only numbers and phone characters (#, -, *, etc) are accepted.\">\n\n\t\t\t\t\t\t<\/div>\n\t\t\t\t\t\t\t\t<div class=\"elementor-field-type-html elementor-field-group elementor-column elementor-field-group-field_a21d9e3 elementor-col-100\">\n\t\t\t\t\t<h4 class=\"titsezformsmall\">Consenso alla privacy<\/h4>\n<p class=\"descconsenso\">Ai sensi del Regolamento Europeo per la Protezione dei Dati Personali 679\/2016 (\"General Data Protection Regulation\", \"GDPR\"), del Decreto Legislativo n. 196 del 30\/06\/2003 e successive modifiche ed integrazioni, il Titolare del trattamento \u00e8 Promaplast srl.<\/p>\n<p class=\"descconsenso\">I dati personali saranno utilizzati per gestire la tua eventuale partecipazione alla fiera PLAST 2026 e per adempiere agli obblighi di legge.<\/p>\n<p class=\"descconsenso\">Per ulteriori dettagli, consulta l'<a style=\"color:#000040;text-decoration:underline;\" href=\"https:\/\/www.plastonline.org\/en\/info\/privacypolicy\" target=\"_blank\">Informativa sulla privacy<\/a>.<\/p>\n<p class=\"descconsenso\">Inoltre, con riferimento all\u2019informativa privacy di cui sopra, l\u2019interessato dichiara quanto segue in merito al trattamento dei propri dati personali da parte di Promaplast srl per le seguenti finalit\u00e0:<\/p>\t\t\t\t<\/div>\n\t\t\t\t\t\t\t\t<div class=\"elementor-field-type-html elementor-field-group elementor-column elementor-field-group-field_8912bff elementor-col-50\">\n\t\t\t\t\t<p class=\"descconsenso\">a) Promaplast srl (ad esempio, via e-mail, sms, telefonate, social media) pu\u00f2 inviare comunicazioni commerciali e pubblicitarie, tra cui newsletter, riguardanti eventi e servizi simili a quelli precedentemente acquistati dall'interessato (collettivamente definiti \"soft spam\").<\/p>\n<p class=\"descinvio\">* Il consenso \u00e8 essenziale per procedere con l'invio.<\/p>\t\t\t\t<\/div>\n\t\t\t\t\t\t\t\t<div class=\"elementor-field-type-html elementor-field-group elementor-column elementor-field-group-field_15e26cb elementor-col-50\">\n\t\t\t\t\t<p class=\"descconsenso\">b) Promaplast srl (ad esempio, tramite e-mail, SMS, telefonate, social media) pu\u00f2 inviare materiale pubblicitario, vendite dirette, ricerche di mercato o comunicazioni commerciali relative agli eventi e ai servizi di Promaplast (finalit\u00e0 di marketing).<\/p>\t\t\t\t<\/div>\n\t\t\t\t\t\t\t\t<div class=\"elementor-field-type-radio elementor-field-group elementor-column elementor-field-group-consensodati elementor-col-50 elementor-field-required\">\n\t\t\t\t\t\t\t\t\t\t\t\t<label for=\"form-field-consensodati\" class=\"elementor-field-label elementor-screen-only\">\n\t\t\t\t\t\t\t\tConsenso ai dati personali\t\t\t\t\t\t\t<\/label>\n\t\t\t\t\t\t<div class=\"elementor-field-subgroup  elementor-subgroup-inline\"><span class=\"elementor-field-option\"><input type=\"radio\" value=\"Acconsento*\" id=\"form-field-consensodati-0\" name=\"form_fields[consensodati]\" required=\"required\"> <label for=\"form-field-consensodati-0\">Acconsento*<\/label><\/span><span class=\"elementor-field-option\"><input type=\"radio\" value=\"Non acconsento\" id=\"form-field-consensodati-1\" name=\"form_fields[consensodati]\" required=\"required\"> <label for=\"form-field-consensodati-1\">Non acconsento<\/label><\/span><\/div>\t\t\t\t<\/div>\n\t\t\t\t\t\t\t\t<div class=\"elementor-field-type-radio elementor-field-group elementor-column elementor-field-group-consensomatpub elementor-col-50 elementor-field-required\">\n\t\t\t\t\t\t\t\t\t\t\t\t<label for=\"form-field-consensomatpub\" class=\"elementor-field-label elementor-screen-only\">\n\t\t\t\t\t\t\t\tConsenso al materiale pubblicitario\t\t\t\t\t\t\t<\/label>\n\t\t\t\t\t\t<div class=\"elementor-field-subgroup  elementor-subgroup-inline\"><span class=\"elementor-field-option\"><input type=\"radio\" value=\"Sono d&#039;accordo\" id=\"form-field-consensomatpub-0\" name=\"form_fields[consensomatpub]\" required=\"required\"> <label for=\"form-field-consensomatpub-0\">Sono d'accordo<\/label><\/span><span class=\"elementor-field-option\"><input type=\"radio\" value=\"Non sono d&#039;accordo\" id=\"form-field-consensomatpub-1\" name=\"form_fields[consensomatpub]\" required=\"required\"> <label for=\"form-field-consensomatpub-1\">Non sono d'accordo<\/label><\/span><\/div>\t\t\t\t<\/div>\n\t\t\t\t\t\t\t\t<div class=\"elementor-field-type-text elementor-field-group elementor-column elementor-field-group-blocco_consenso elementor-col-100 elementor-field-required\">\n\t\t\t\t\t\t\t\t\t\t\t\t<label for=\"form-field-blocco_consenso\" class=\"elementor-field-label elementor-screen-only\">\n\t\t\t\t\t\t\t\tblocco_consenso\t\t\t\t\t\t\t<\/label>\n\t\t\t\t\t\t\t\t\t\t\t\t\t\t<input size=\"1\" type=\"text\" name=\"form_fields[blocco_consenso]\" id=\"form-field-blocco_consenso\" class=\"elementor-field elementor-size-sm  elementor-field-textual\" required=\"required\">\n\t\t\t\t\t\t\t\t\t\t\t<\/div>\n\t\t\t\t\t\t\t\t<div class=\"elementor-field-group elementor-column elementor-field-type-submit elementor-col-100 e-form__buttons\">\n\t\t\t\t\t<button class=\"elementor-button elementor-size-sm\" type=\"submit\">\n\t\t\t\t\t\t<span class=\"elementor-button-content-wrapper\">\n\t\t\t\t\t\t\t\t\t\t\t\t\t\t\t<span class=\"elementor-button-icon\">\n\t\t\t\t\t\t\t\t\t<svg aria-hidden=\"true\" class=\"e-font-icon-svg e-fas-arrow-alt-circle-right\" viewBox=\"0 0 512 512\" xmlns=\"http:\/\/www.w3.org\/2000\/svg\"><path d=\"M256 8c137 0 248 111 248 248S393 504 256 504 8 393 8 256 119 8 256 8zM140 300h116v70.9c0 10.7 13 16.1 20.5 8.5l114.3-114.9c4.7-4.7 4.7-12.2 0-16.9l-114.3-115c-7.6-7.6-20.5-2.2-20.5 8.5V212H140c-6.6 0-12 5.4-12 12v64c0 6.6 5.4 12 12 12z\"><\/path><\/svg>\t\t\t\t\t\t\t\t\t\t\t\t\t\t\t\t\t<\/span>\n\t\t\t\t\t\t\t\t\t\t\t\t\t\t\t\t\t\t\t\t\t\t<span class=\"elementor-button-text\">Invia la tua richiesta<\/span>\n\t\t\t\t\t\t\t\t\t\t\t\t\t<\/span>\n\t\t\t\t\t<\/button>\n\t\t\t\t<\/div>\n\t\t\t<\/div>\n\t\t<\/form>\n\t\t\t\t\t\t<\/div>\n\t\t\t\t<\/div>\n\t\t\t\t\t<\/div>\n\t\t\t\t<\/div>\n\t\t\t\t<\/div>\n\t\t<div class=\"elementor-element elementor-element-067ee45 e-flex e-con-boxed e-con e-parent\" data-id=\"067ee45\" data-element_type=\"container\">\n\t\t\t\t\t<div class=\"e-con-inner\">\n\t\t\t\t<div class=\"elementor-element elementor-element-99504ac elementor-widget elementor-widget-heading\" data-id=\"99504ac\" data-element_type=\"widget\" data-widget_type=\"heading.default\">\n\t\t\t\t\t<h2 class=\"elementor-heading-title elementor-size-default\">Stati generali della plastica<\/h2>\t\t\t\t<\/div>\n\t\t\t\t\t<\/div>\n\t\t\t\t<\/div>\n\t\t\t\t<\/div>\n\t\t","protected":false},"excerpt":{"rendered":"<p>Conferma la tua partecipazione entro il 29 maggio 2026 Stati Generali della Plastica \u2013 confronto fra istituzioni e industria sui temi della competitivit\u00e0 e circolarit\u00e0 Mercoled\u00ec 10 giugno 2026, 10:00-12:00 Stati generali della plastica<\/p>\n","protected":false},"author":4,"featured_media":0,"parent":0,"menu_order":0,"comment_status":"closed","ping_status":"closed","template":"","meta":{"footnotes":""},"class_list":["post-1429","page","type-page","status-publish","hentry"],"_links":{"self":[{"href":"https:\/\/events.plastonline.org\/it\/wp-json\/wp\/v2\/pages\/1429","targetHints":{"allow":["GET"]}}],"collection":[{"href":"https:\/\/events.plastonline.org\/it\/wp-json\/wp\/v2\/pages"}],"about":[{"href":"https:\/\/events.plastonline.org\/it\/wp-json\/wp\/v2\/types\/page"}],"author":[{"embeddable":true,"href":"https:\/\/events.plastonline.org\/it\/wp-json\/wp\/v2\/users\/4"}],"replies":[{"embeddable":true,"href":"https:\/\/events.plastonline.org\/it\/wp-json\/wp\/v2\/comments?post=1429"}],"version-history":[{"count":14,"href":"https:\/\/events.plastonline.org\/it\/wp-json\/wp\/v2\/pages\/1429\/revisions"}],"predecessor-version":[{"id":1576,"href":"https:\/\/events.plastonline.org\/it\/wp-json\/wp\/v2\/pages\/1429\/revisions\/1576"}],"wp:attachment":[{"href":"https:\/\/events.plastonline.org\/it\/wp-json\/wp\/v2\/media?parent=1429"}],"curies":[{"name":"wp","href":"https:\/\/api.w.org\/{rel}","templated":true}]}}